{"id":1282,"date":"2023-12-22T08:31:00","date_gmt":"2023-12-22T14:31:00","guid":{"rendered":"http:\/\/www.anzuiza.com\/?page_id=1282"},"modified":"2023-12-22T08:33:00","modified_gmt":"2023-12-22T14:33:00","slug":"infraestructura","status":"publish","type":"page","link":"https:\/\/www.anzuiza.com\/en\/infraestructura\/","title":{"rendered":"Infrastructure"},"content":{"rendered":"<p>We currently have 2 divisions in the infrastructure area:<\/p>\n\n\n\n<ul>\n<li>Acxiona<\/li>\n\n\n\n<li>Bioma Inmobiliaria<\/li>\n<\/ul>\n\n\n\n<hr class=\"wp-block-separator has-alpha-channel-opacity\"\/>\n\n\n<div class=\"wp-block-image\">\n<figure class=\"aligncenter size-full\"><a href=\"http:\/\/www.anzuiza.com\/wp-content\/uploads\/2023\/12\/Acxiona.png\"><img decoding=\"async\" loading=\"lazy\" width=\"392\" height=\"69\" src=\"http:\/\/www.anzuiza.com\/wp-content\/uploads\/2023\/12\/Acxiona.png\" alt=\"\" class=\"wp-image-1283\" srcset=\"https:\/\/www.anzuiza.com\/wp-content\/uploads\/2023\/12\/Acxiona.png 392w, https:\/\/www.anzuiza.com\/wp-content\/uploads\/2023\/12\/Acxiona-300x53.png 300w\" sizes=\"(max-width: 392px) 100vw, 392px\" \/><\/a><\/figure><\/div>\n\n\n<p><\/p>\n\n\n\n<p><\/p>\n\n\n\n<p><strong>Acxiona<\/strong> is a construction company with two main lines, focused on public and private, whose only objectives are: time efficiency, profitability, quality and customer satisfactio<\/p>\n\n\n\n<p>&nbsp;&nbsp;&nbsp;&nbsp;&nbsp;&nbsp; <strong>Public works:<\/strong><\/p>\n\n\n\n<ul>\n<li>Housing developments<\/li>\n<\/ul>\n\n\n\n<ul>\n<li>Building<\/li>\n<\/ul>\n\n\n\n<ul>\n<li>Road infrastructure<\/li>\n<\/ul>\n\n\n\n<ul>\n<li>Hydraulic works<\/li>\n<\/ul>\n\n\n\n<ul>\n<li>Park construction and modernization<\/li>\n<\/ul>\n\n\n\n<p><strong>&nbsp;&nbsp;&nbsp;&nbsp;&nbsp; Private works:<\/strong><\/p>\n\n\n\n<ul>\n<li>Housing<\/li>\n<\/ul>\n\n\n\n<ul>\n<li>Franchises<\/li>\n<\/ul>\n\n\n\n<hr class=\"wp-block-separator has-alpha-channel-opacity\"\/>\n\n\n<div class=\"wp-block-image\">\n<figure class=\"aligncenter size-full\"><a href=\"http:\/\/www.anzuiza.com\/wp-content\/uploads\/2023\/12\/Bioma.png\"><img decoding=\"async\" loading=\"lazy\" width=\"323\" height=\"161\" src=\"http:\/\/www.anzuiza.com\/wp-content\/uploads\/2023\/12\/Bioma.png\" alt=\"\" class=\"wp-image-1284\" srcset=\"https:\/\/www.anzuiza.com\/wp-content\/uploads\/2023\/12\/Bioma.png 323w, https:\/\/www.anzuiza.com\/wp-content\/uploads\/2023\/12\/Bioma-300x150.png 300w\" sizes=\"(max-width: 323px) 100vw, 323px\" \/><\/a><\/figure><\/div>\n\n\n<p><\/p>\n\n\n\n<p><\/p>\n\n\n\n<p><strong>Bioma Inmobiliaria <\/strong>is a private company specialized in real estate projects of great magnitude, which is dedicated to the realization of strategies and feasibility of real estate and private projects at the moment.<\/p>\n\n\n\n<ul>\n<li>Strategic real estate projects.<\/li>\n<\/ul>\n\n\n\n<ul>\n<li>Real estate compliance<\/li>\n<\/ul>\n\n\n\n<ul>\n<li>Flipping Houses<\/li>\n<\/ul>\n\n\n\n<ul>\n<li>Administration and management of real estate projects<\/li>\n<\/ul>","protected":false},"excerpt":{"rendered":"<p>Actualmente contamos con 2 divisiones en la parte de infraestructura: Acxiona es una empresa constructora con dos grandes l\u00edneas, enfocadas en lo p\u00fablico y privado, cuyos \u00fanicos objetivos son:\u00a0 la eficiencia en tiempos, rentabilidad, calidad y satisfacci\u00f3n de nuestros clientes. &nbsp;&nbsp;&nbsp;&nbsp;&nbsp;&nbsp; Obra p\u00fablica: &nbsp;&nbsp;&nbsp;&nbsp;&nbsp; Obra privada: Bioma Inmobiliaria es una [&hellip;]<\/p>","protected":false},"author":1,"featured_media":0,"parent":0,"menu_order":0,"comment_status":"closed","ping_status":"closed","template":"","meta":[],"_links":{"self":[{"href":"https:\/\/www.anzuiza.com\/en\/wp-json\/wp\/v2\/pages\/1282"}],"collection":[{"href":"https:\/\/www.anzuiza.com\/en\/wp-json\/wp\/v2\/pages"}],"about":[{"href":"https:\/\/www.anzuiza.com\/en\/wp-json\/wp\/v2\/types\/page"}],"author":[{"embeddable":true,"href":"https:\/\/www.anzuiza.com\/en\/wp-json\/wp\/v2\/users\/1"}],"replies":[{"embeddable":true,"href":"https:\/\/www.anzuiza.com\/en\/wp-json\/wp\/v2\/comments?post=1282"}],"version-history":[{"count":2,"href":"https:\/\/www.anzuiza.com\/en\/wp-json\/wp\/v2\/pages\/1282\/revisions"}],"predecessor-version":[{"id":1287,"href":"https:\/\/www.anzuiza.com\/en\/wp-json\/wp\/v2\/pages\/1282\/revisions\/1287"}],"wp:attachment":[{"href":"https:\/\/www.anzuiza.com\/en\/wp-json\/wp\/v2\/media?parent=1282"}],"curies":[{"name":"wp","href":"https:\/\/api.w.org\/{rel}","templated":true}]}}