{"id":13,"date":"2012-03-14T03:11:02","date_gmt":"2012-03-14T03:11:02","guid":{"rendered":"http:\/\/www.anzuiza.dev\/?page_id=13"},"modified":"2023-12-20T15:06:36","modified_gmt":"2023-12-20T21:06:36","slug":"historia","status":"publish","type":"page","link":"https:\/\/www.anzuiza.com\/en\/historia\/","title":{"rendered":"History"},"content":{"rendered":"<p class=\"has-text-align-left\"><strong>With 20 years of experience and more than 500 projects throughout Mexico, Guatemala, Central America and the world. Anzuiza Holding was born through the consulting firm Expertise Consulting &amp; Services (currently Essen Consulting) in 2002, integrated by a group of professionals with high global competitiveness, creativity and innovation.<\/strong><\/p>\n\n\n\n<figure class=\"wp-block-image size-large\"><a href=\"http:\/\/www.anzuiza.com\/wp-content\/uploads\/2023\/12\/LINEA-DEL-TIEMPO-2.png\"><img decoding=\"async\" loading=\"lazy\" width=\"1024\" height=\"384\" src=\"http:\/\/www.anzuiza.com\/wp-content\/uploads\/2023\/12\/LINEA-DEL-TIEMPO-2-1024x384.png\" alt=\"\" class=\"wp-image-1272\" srcset=\"https:\/\/www.anzuiza.com\/wp-content\/uploads\/2023\/12\/LINEA-DEL-TIEMPO-2-1024x384.png 1024w, https:\/\/www.anzuiza.com\/wp-content\/uploads\/2023\/12\/LINEA-DEL-TIEMPO-2-300x113.png 300w, https:\/\/www.anzuiza.com\/wp-content\/uploads\/2023\/12\/LINEA-DEL-TIEMPO-2-768x288.png 768w, https:\/\/www.anzuiza.com\/wp-content\/uploads\/2023\/12\/LINEA-DEL-TIEMPO-2-1536x576.png 1536w, https:\/\/www.anzuiza.com\/wp-content\/uploads\/2023\/12\/LINEA-DEL-TIEMPO-2.png 1751w\" sizes=\"(max-width: 1024px) 100vw, 1024px\" \/><\/a><\/figure>\n\n\n\n<hr class=\"wp-block-separator has-text-color has-black-color has-alpha-channel-opacity has-black-background-color has-background is-style-wide\"\/>\n\n\n\n<div class=\"wp-block-group alignfull has-background-color has-white-color has-black-background-color has-text-color has-background has-link-color wp-elements-6e6b80fce7811c457182bff00a87785a is-vertical is-content-justification-stretch is-layout-flex wp-container-9\" style=\"min-height:40vh;margin-top:0;margin-bottom:0;padding-top:var(--wp--preset--spacing--60);padding-right:var(--wp--preset--spacing--40);padding-bottom:var(--wp--preset--spacing--60);padding-left:var(--wp--preset--spacing--40)\">\n<div class=\"wp-block-columns alignwide has-small-font-size is-layout-flex wp-container-7\">\n<div class=\"wp-block-column is-layout-flow\">\n<p class=\"has-text-align-center\">Location<\/p>\n\n\n\n<p class=\"has-text-align-center\">Orvit Corporale Center<\/p>\n\n\n\n<p class=\"has-text-align-center\">Avenida Paseo Monte Miranda No. 17<\/p>\n\n\n\n<p class=\"has-text-align-center\">Piso 5 INT 501-A<\/p>\n\n\n\n<p class=\"has-text-align-center\">Fraccionamiento Monte Miranda<\/p>\n\n\n\n<p class=\"has-text-align-center\">C.P. 76240<\/p>\n\n\n\n<div style=\"height:24px\" aria-hidden=\"true\" class=\"wp-block-spacer\"><\/div>\n<\/div>\n\n\n\n<div class=\"wp-block-column is-layout-flow\">\n<p class=\"has-text-align-center\"><\/p>\n\n\n<nav class=\"has-small-font-size items-justified-center is-vertical no-wrap wp-block-navigation has-small-font-size is-content-justification-center is-nowrap is-layout-flex wp-container-3\" aria-label=\"menu-1\"><ul class=\"wp-block-navigation__container\"><\/ul><\/nav>\n\n\n<div style=\"height:24px\" aria-hidden=\"true\" class=\"wp-block-spacer\"><\/div>\n<\/div>\n\n\n\n<div class=\"wp-block-column is-layout-flow\">\n<p class=\"has-text-align-center\">Follow Us<\/p>\n\n\n\n<div class=\"wp-block-group is-vertical is-content-justification-center is-layout-flex wp-container-5\">\n<p><a href=\"https:\/\/www.facebook.com\/anzuiza\/?locale=es_LA\" data-type=\"URL\" data-id=\"https:\/\/www.facebook.com\/anzuiza\/?locale=es_LA\">Facebook<\/a><\/p>\n\n\n\n<p><a href=\"https:\/\/www.instagram.com\/anzuizaholding\/\" data-type=\"URL\" data-id=\"https:\/\/www.instagram.com\/anzuizaholding\/\">Instagram<\/a><\/p>\n\n\n\n<p><a href=\"https:\/\/twitter.com\/grupoanzuiza\" data-type=\"URL\" data-id=\"https:\/\/twitter.com\/grupoanzuiza\">Twitter<\/a><\/p>\n<\/div>\n\n\n\n<div style=\"height:24px\" aria-hidden=\"true\" class=\"wp-block-spacer\"><\/div>\n<\/div>\n<\/div>\n\n\n\n<div class=\"wp-block-group alignwide is-content-justification-center is-layout-flex wp-container-8\">\n<p class=\"has-text-align-center has-small-font-size\"><\/p>\n<\/div>\n<\/div>","protected":false},"excerpt":{"rendered":"<p>Con una experiencia de 20 a\u00f1os y con m\u00e1s de 500 proyectos en toda la Rep\u00fablica Mexicana, Guatemala, Centroam\u00e9rica y el mundo. Anzuiza Holding nace a trav\u00e9s de la firma de consultor\u00eda Expertise Consulting &amp; Services (Actualmente Essen Consulting) en el a\u00f1o 2002 integrado por un grupo de profesionales con [&hellip;]<\/p>","protected":false},"author":1,"featured_media":0,"parent":0,"menu_order":0,"comment_status":"closed","ping_status":"open","template":"","meta":[],"_links":{"self":[{"href":"https:\/\/www.anzuiza.com\/en\/wp-json\/wp\/v2\/pages\/13"}],"collection":[{"href":"https:\/\/www.anzuiza.com\/en\/wp-json\/wp\/v2\/pages"}],"about":[{"href":"https:\/\/www.anzuiza.com\/en\/wp-json\/wp\/v2\/types\/page"}],"author":[{"embeddable":true,"href":"https:\/\/www.anzuiza.com\/en\/wp-json\/wp\/v2\/users\/1"}],"replies":[{"embeddable":true,"href":"https:\/\/www.anzuiza.com\/en\/wp-json\/wp\/v2\/comments?post=13"}],"version-history":[{"count":60,"href":"https:\/\/www.anzuiza.com\/en\/wp-json\/wp\/v2\/pages\/13\/revisions"}],"predecessor-version":[{"id":1273,"href":"https:\/\/www.anzuiza.com\/en\/wp-json\/wp\/v2\/pages\/13\/revisions\/1273"}],"wp:attachment":[{"href":"https:\/\/www.anzuiza.com\/en\/wp-json\/wp\/v2\/media?parent=13"}],"curies":[{"name":"wp","href":"https:\/\/api.w.org\/{rel}","templated":true}]}}