{"id":1302,"date":"2023-12-22T09:04:08","date_gmt":"2023-12-22T15:04:08","guid":{"rendered":"http:\/\/www.anzuiza.com\/?page_id=1302"},"modified":"2023-12-22T09:07:34","modified_gmt":"2023-12-22T15:07:34","slug":"fundacion","status":"publish","type":"page","link":"https:\/\/www.anzuiza.com\/en\/fundacion\/","title":{"rendered":"Foundation"},"content":{"rendered":"<p class=\"has-text-align-left\">As part of our social responsibility through the Civil Association <strong>Un \u00c1ngel Detr\u00e1s de Ti<\/strong>, we generate productive and integral social activation projects for the benefit of the most vulnerable areas of our society.<\/p>\n\n\n\n<hr class=\"wp-block-separator has-alpha-channel-opacity\"\/>\n\n\n<div class=\"wp-block-image\">\n<figure class=\"aligncenter size-full\"><a href=\"http:\/\/www.anzuiza.com\/wp-content\/uploads\/2023\/12\/Fundacion.png\"><img decoding=\"async\" loading=\"lazy\" width=\"285\" height=\"193\" src=\"http:\/\/www.anzuiza.com\/wp-content\/uploads\/2023\/12\/Fundacion.png\" alt=\"\" class=\"wp-image-1303\"\/><\/a><\/figure><\/div>\n\n\n<p><\/p>\n\n\n\n<p><\/p>\n\n\n\n<p>Un \u00c1ngel Detr\u00e1s de Ti is able to generate jobs, wellbeing and sustainable and self-sustainable development in the most affected areas in the state of Chiapas.<\/p>\n\n\n\n<p><\/p>\n\n\n\n<p><\/p>","protected":false},"excerpt":{"rendered":"<p>Como parte de nuestra responsabilidad social a trav\u00e9s de la Asociaci\u00f3n Civil Un \u00c1ngel Detr\u00e1s de Ti, generamos\u00a0proyectos productivos y de activaci\u00f3n social integral para\u00a0beneficio de las zonas m\u00e1s vulnerables de nuestra\u00a0sociedad. Un \u00c1ngel Detr\u00e1s de Ti logra generar Empleos, Bienestar y Desarrollo sotenible y autosustentable a las zonas m\u00e1s [&hellip;]<\/p>","protected":false},"author":1,"featured_media":0,"parent":0,"menu_order":0,"comment_status":"closed","ping_status":"closed","template":"","meta":[],"_links":{"self":[{"href":"https:\/\/www.anzuiza.com\/en\/wp-json\/wp\/v2\/pages\/1302"}],"collection":[{"href":"https:\/\/www.anzuiza.com\/en\/wp-json\/wp\/v2\/pages"}],"about":[{"href":"https:\/\/www.anzuiza.com\/en\/wp-json\/wp\/v2\/types\/page"}],"author":[{"embeddable":true,"href":"https:\/\/www.anzuiza.com\/en\/wp-json\/wp\/v2\/users\/1"}],"replies":[{"embeddable":true,"href":"https:\/\/www.anzuiza.com\/en\/wp-json\/wp\/v2\/comments?post=1302"}],"version-history":[{"count":5,"href":"https:\/\/www.anzuiza.com\/en\/wp-json\/wp\/v2\/pages\/1302\/revisions"}],"predecessor-version":[{"id":1310,"href":"https:\/\/www.anzuiza.com\/en\/wp-json\/wp\/v2\/pages\/1302\/revisions\/1310"}],"wp:attachment":[{"href":"https:\/\/www.anzuiza.com\/en\/wp-json\/wp\/v2\/media?parent=1302"}],"curies":[{"name":"wp","href":"https:\/\/api.w.org\/{rel}","templated":true}]}}