{"id":4,"date":"2012-03-14T00:56:28","date_gmt":"2012-03-14T00:56:28","guid":{"rendered":"http:\/\/www.anzuiza.dev\/?page_id=4"},"modified":"2023-12-21T08:48:14","modified_gmt":"2023-12-21T14:48:14","slug":"inicio","status":"publish","type":"page","link":"https:\/\/www.anzuiza.com\/en\/","title":{"rendered":"HomePage"},"content":{"rendered":"<p><\/p>\n\n\n\n<div class=\"wp-block-columns is-layout-flex wp-container-4\">\n<div class=\"wp-block-column is-vertically-aligned-center is-layout-flow\" style=\"flex-basis:50%\">\n<div class=\"wp-block-group is-vertical is-layout-flex wp-container-1\">\n<hr class=\"wp-block-separator aligncenter has-text-color has-black-color has-alpha-channel-opacity has-black-background-color has-background is-style-wide\"\/>\n<\/div>\n\n\n<div class=\"wp-block-image\">\n<figure class=\"aligncenter size-full\"><a href=\"http:\/\/www.anzuiza.com\/wp-content\/uploads\/2023\/12\/37149713_432889233856981_2594889609540272128_n.jpg\"><img decoding=\"async\" loading=\"lazy\" width=\"788\" height=\"783\" src=\"http:\/\/www.anzuiza.com\/wp-content\/uploads\/2023\/12\/37149713_432889233856981_2594889609540272128_n.jpg\" alt=\"\" class=\"wp-image-1275\" srcset=\"https:\/\/www.anzuiza.com\/wp-content\/uploads\/2023\/12\/37149713_432889233856981_2594889609540272128_n.jpg 788w, https:\/\/www.anzuiza.com\/wp-content\/uploads\/2023\/12\/37149713_432889233856981_2594889609540272128_n-300x298.jpg 300w, https:\/\/www.anzuiza.com\/wp-content\/uploads\/2023\/12\/37149713_432889233856981_2594889609540272128_n-150x150.jpg 150w, https:\/\/www.anzuiza.com\/wp-content\/uploads\/2023\/12\/37149713_432889233856981_2594889609540272128_n-768x763.jpg 768w\" sizes=\"(max-width: 788px) 100vw, 788px\" \/><\/a><\/figure><\/div><\/div>\n\n\n\n<div class=\"wp-block-column is-vertically-aligned-center has-black-color has-text-color has-medium-font-size is-layout-flow\" style=\"flex-basis:50%\">\n<p class=\"has-text-align-left has-black-color has-text-color\">We are a group committed to quality, sustainable development and continuous integral growth through its various business lines and strategic alliances around the world, with the conviction that each of our products and services will ensure and generate excellent results in the projects of each of our clients and our profitability.<\/p>\n<\/div>\n<\/div>\n\n\n\n<hr class=\"wp-block-separator has-text-color has-black-color has-alpha-channel-opacity has-black-background-color has-background is-style-wide\"\/>\n\n\n<div class=\"wp-block-image\">\n<figure class=\"aligncenter size-full\"><a href=\"http:\/\/www.anzuiza.com\/wp-content\/uploads\/2023\/12\/Anzuiza.png\"><img decoding=\"async\" loading=\"lazy\" width=\"698\" height=\"153\" src=\"http:\/\/www.anzuiza.com\/wp-content\/uploads\/2023\/12\/Anzuiza.png\" alt=\"\" class=\"wp-image-1014\" srcset=\"https:\/\/www.anzuiza.com\/wp-content\/uploads\/2023\/12\/Anzuiza.png 572w, https:\/\/www.anzuiza.com\/wp-content\/uploads\/2023\/12\/Anzuiza-300x66.png 300w, https:\/\/www.anzuiza.com\/wp-content\/uploads\/2023\/12\/Anzuiza-18x4.png 18w\" sizes=\"(max-width: 698px) 100vw, 698px\" \/><\/a><\/figure><\/div>\n\n\n<hr class=\"wp-block-separator has-text-color has-black-color has-alpha-channel-opacity has-black-background-color has-background is-style-wide\"\/>\n\n\n<div class=\"wp-block-image\">\n<figure class=\"aligncenter size-full\"><img decoding=\"async\" loading=\"lazy\" width=\"853\" height=\"910\" src=\"http:\/\/www.anzuiza.com\/wp-content\/uploads\/2024\/01\/Divisiones-y-Negocios-ENG-1.png\" alt=\"\" class=\"wp-image-1264\" srcset=\"https:\/\/www.anzuiza.com\/wp-content\/uploads\/2024\/01\/Divisiones-y-Negocios-ENG-1.png 853w, https:\/\/www.anzuiza.com\/wp-content\/uploads\/2024\/01\/Divisiones-y-Negocios-ENG-1-281x300.png 281w, https:\/\/www.anzuiza.com\/wp-content\/uploads\/2024\/01\/Divisiones-y-Negocios-ENG-1-768x819.png 768w, https:\/\/www.anzuiza.com\/wp-content\/uploads\/2024\/01\/Divisiones-y-Negocios-ENG-1-11x12.png 11w\" sizes=\"(max-width: 853px) 100vw, 853px\" \/><\/figure><\/div>","protected":false},"excerpt":{"rendered":"<p>Somos un grupo comprometido con la calidad, el desarrollo &nbsp;sustentable y el continuo crecimiento \u00edntegro a trav\u00e9s de sus &nbsp;diversos giros de negocio y alianzas estrat\u00e9gicas alrededor &nbsp;del mundo, con la convicci\u00f3n de que cada uno de nuestros&nbsp; productos y servicios asegurar\u00e1n y generar\u00e1n excelentes&nbsp; resultados en los proyectos de [&hellip;]<\/p>","protected":false},"author":1,"featured_media":0,"parent":0,"menu_order":0,"comment_status":"closed","ping_status":"closed","template":"","meta":[],"_links":{"self":[{"href":"https:\/\/www.anzuiza.com\/en\/wp-json\/wp\/v2\/pages\/4"}],"collection":[{"href":"https:\/\/www.anzuiza.com\/en\/wp-json\/wp\/v2\/pages"}],"about":[{"href":"https:\/\/www.anzuiza.com\/en\/wp-json\/wp\/v2\/types\/page"}],"author":[{"embeddable":true,"href":"https:\/\/www.anzuiza.com\/en\/wp-json\/wp\/v2\/users\/1"}],"replies":[{"embeddable":true,"href":"https:\/\/www.anzuiza.com\/en\/wp-json\/wp\/v2\/comments?post=4"}],"version-history":[{"count":249,"href":"https:\/\/www.anzuiza.com\/en\/wp-json\/wp\/v2\/pages\/4\/revisions"}],"predecessor-version":[{"id":1280,"href":"https:\/\/www.anzuiza.com\/en\/wp-json\/wp\/v2\/pages\/4\/revisions\/1280"}],"wp:attachment":[{"href":"https:\/\/www.anzuiza.com\/en\/wp-json\/wp\/v2\/media?parent=4"}],"curies":[{"name":"wp","href":"https:\/\/api.w.org\/{rel}","templated":true}]}}