{"id":9,"date":"2012-03-14T03:10:19","date_gmt":"2012-03-14T03:10:19","guid":{"rendered":"http:\/\/www.anzuiza.dev\/?page_id=9"},"modified":"2023-10-25T19:13:51","modified_gmt":"2023-10-26T01:13:51","slug":"quienes-somos","status":"publish","type":"page","link":"https:\/\/www.anzuiza.com\/en\/quienes-somos\/","title":{"rendered":"About Ous"},"content":{"rendered":"<div class=\"wp-block-columns is-layout-flex wp-container-3\">\n<div class=\"wp-block-column is-layout-flow\" style=\"flex-basis:100%\">\n<div class=\"wp-block-group alignwide is-layout-constrained\"><div class=\"wp-block-group__inner-container\">\n<p>We are one of the most important corporations in Mexico, with a highly strategic diversification, and with presence and alliances in North America, Central America, Asia and the Middle East.<\/p>\n\n\n\n<p>The group concentrates its value and innovation in the unification of its 6 divisions, consolidating strategic alliances around the world with a competitive portfolio of products and services.<\/p>\n<\/div><\/div>\n<\/div>\n<\/div>\n\n\n\n<hr class=\"wp-block-separator has-text-color has-black-color has-alpha-channel-opacity has-black-background-color has-background is-style-wide\"\/>\n\n\n\n<div class=\"wp-block-group is-layout-constrained\"><div class=\"wp-block-group__inner-container\">\n<div class=\"wp-block-columns is-layout-flex wp-container-6\">\n<div class=\"wp-block-column is-layout-flow\">\n<p>Its national and international presence makes its management a flexible, modern and efficient model whose purpose is to operate at low cost in order to offer competitive prices and thus maximize its yields and increase its profitability.<\/p>\n<\/div>\n\n\n\n<div class=\"wp-block-column is-layout-flow\">\n<p>&nbsp;In Anzuiza Holding our ideals and our values are our guiding threads to work under the win-win philosophy; which we achieve thanks to our experience, planning and total efficiency in the execution of each of our activities, thus ensuring the total satisfaction of each client.<\/p>\n<\/div>\n<\/div>\n<\/div><\/div>\n\n\n\n<figure class=\"wp-block-image size-full\"><a href=\"http:\/\/www.anzuiza.com\/wp-content\/uploads\/2023\/08\/image-12.png\"><img decoding=\"async\" loading=\"lazy\" width=\"902\" height=\"352\" src=\"http:\/\/www.anzuiza.com\/wp-content\/uploads\/2023\/08\/image-12.png\" alt=\"\" class=\"wp-image-365\" srcset=\"https:\/\/www.anzuiza.com\/wp-content\/uploads\/2023\/08\/image-12.png 800w, https:\/\/www.anzuiza.com\/wp-content\/uploads\/2023\/08\/image-12-300x169.png 300w, https:\/\/www.anzuiza.com\/wp-content\/uploads\/2023\/08\/image-12-768x432.png 768w, https:\/\/www.anzuiza.com\/wp-content\/uploads\/2023\/08\/image-12-500x281.png 500w\" sizes=\"(max-width: 902px) 100vw, 902px\" \/><\/a><\/figure>\n\n\n\n<hr class=\"wp-block-separator has-text-color has-black-color has-alpha-channel-opacity has-black-background-color has-background is-style-wide\"\/>\n\n\n\n<div class=\"wp-block-group alignfull has-background-color has-white-color has-black-background-color has-text-color has-background has-link-color wp-elements-bd39951d232b08c3aa3fc10999930139 is-vertical is-content-justification-stretch is-layout-flex wp-container-16\" style=\"min-height:40vh;margin-top:0;margin-bottom:0;padding-top:var(--wp--preset--spacing--60);padding-right:var(--wp--preset--spacing--40);padding-bottom:var(--wp--preset--spacing--60);padding-left:var(--wp--preset--spacing--40)\">\n<div class=\"wp-block-columns alignwide has-small-font-size is-layout-flex wp-container-14\">\n<div class=\"wp-block-column is-layout-flow\">\n<p class=\"has-text-align-center\">Location<\/p>\n\n\n\n<p class=\"has-text-align-center\">Orvit Corporale Center<\/p>\n\n\n\n<p class=\"has-text-align-center\">Avenida Paseo Monte Miranda No. 17<\/p>\n\n\n\n<p class=\"has-text-align-center\">Piso 5 INT 501-A<\/p>\n\n\n\n<p class=\"has-text-align-center\">Fraccionamiento Monte Miranda<\/p>\n\n\n\n<p class=\"has-text-align-center\">C.P. 76240<\/p>\n\n\n\n<div style=\"height:24px\" aria-hidden=\"true\" class=\"wp-block-spacer\"><\/div>\n<\/div>\n\n\n\n<div class=\"wp-block-column is-layout-flow\">\n<p class=\"has-text-align-center\"><\/p>\n\n\n<nav class=\"has-small-font-size items-justified-center is-vertical no-wrap wp-block-navigation has-small-font-size is-content-justification-center is-nowrap is-layout-flex wp-container-10\" aria-label=\"menu-1\"><ul class=\"wp-block-navigation__container\"><\/ul><\/nav>\n\n\n<div style=\"height:24px\" aria-hidden=\"true\" class=\"wp-block-spacer\"><\/div>\n<\/div>\n\n\n\n<div class=\"wp-block-column is-layout-flow\">\n<p class=\"has-text-align-center\">Follow Us<\/p>\n\n\n\n<div class=\"wp-block-group is-vertical is-content-justification-center is-layout-flex wp-container-12\">\n<p><a href=\"https:\/\/www.facebook.com\/anzuiza\/?locale=es_LA\" data-type=\"URL\" data-id=\"https:\/\/www.facebook.com\/anzuiza\/?locale=es_LA\">Facebook<\/a><\/p>\n\n\n\n<p><a href=\"https:\/\/www.instagram.com\/anzuizaholding\/\" data-type=\"URL\" data-id=\"https:\/\/www.instagram.com\/anzuizaholding\/\">Instagram<\/a><\/p>\n\n\n\n<p><a href=\"https:\/\/twitter.com\/grupoanzuiza\" data-type=\"URL\" data-id=\"https:\/\/twitter.com\/grupoanzuiza\">Twitter<\/a><\/p>\n<\/div>\n\n\n\n<div style=\"height:24px\" aria-hidden=\"true\" class=\"wp-block-spacer\"><\/div>\n<\/div>\n<\/div>\n\n\n\n<div class=\"wp-block-group alignwide is-content-justification-center is-layout-flex wp-container-15\">\n<p class=\"has-text-align-center has-small-font-size\"><\/p>\n<\/div>\n<\/div>","protected":false},"excerpt":{"rendered":"<p>Somos uno de los corporativos m\u00e1s importantes en M\u00e9xico, con una diversificaci\u00f3n altamente estrat\u00e9gica, y con presencia y alianzas en Norteam\u00e9rica, Centroam\u00e9rica, Asia y Medio Oriente. El grupo concentra su valor e innovaci\u00f3n en la unificaci\u00f3n de sus 6 divisiones, consolidando alianzas estrat\u00e9gicas alrededor del mundo con un competitivo portafolio [&hellip;]<\/p>","protected":false},"author":1,"featured_media":0,"parent":0,"menu_order":0,"comment_status":"closed","ping_status":"open","template":"","meta":[],"_links":{"self":[{"href":"https:\/\/www.anzuiza.com\/en\/wp-json\/wp\/v2\/pages\/9"}],"collection":[{"href":"https:\/\/www.anzuiza.com\/en\/wp-json\/wp\/v2\/pages"}],"about":[{"href":"https:\/\/www.anzuiza.com\/en\/wp-json\/wp\/v2\/types\/page"}],"author":[{"embeddable":true,"href":"https:\/\/www.anzuiza.com\/en\/wp-json\/wp\/v2\/users\/1"}],"replies":[{"embeddable":true,"href":"https:\/\/www.anzuiza.com\/en\/wp-json\/wp\/v2\/comments?post=9"}],"version-history":[{"count":67,"href":"https:\/\/www.anzuiza.com\/en\/wp-json\/wp\/v2\/pages\/9\/revisions"}],"predecessor-version":[{"id":1259,"href":"https:\/\/www.anzuiza.com\/en\/wp-json\/wp\/v2\/pages\/9\/revisions\/1259"}],"wp:attachment":[{"href":"https:\/\/www.anzuiza.com\/en\/wp-json\/wp\/v2\/media?parent=9"}],"curies":[{"name":"wp","href":"https:\/\/api.w.org\/{rel}","templated":true}]}}